{"id":1158,"date":"2022-09-25T21:38:04","date_gmt":"2022-09-25T19:38:04","guid":{"rendered":"https:\/\/www.lecrideloeuf.net\/?page_id=1158"},"modified":"2022-09-25T21:40:39","modified_gmt":"2022-09-25T19:40:39","slug":"lettre-dinformations","status":"publish","type":"page","link":"https:\/\/www.lecrideloeuf.net\/index.php\/lettre-dinformations\/","title":{"rendered":"Lettre d&rsquo;informations"},"content":{"rendered":"\n<p class=\"has-text-align-center\">Merci pour votre inscription \u00e0 notre lettre d&rsquo;informations et votre int\u00e9r\u00eat pour nos actions.<\/p>\n\n\n\n<p class=\"has-text-align-center\">N&rsquo;h\u00e9sitez pas \u00e0 revenir r\u00e9guli\u00e8rement sur le site pour les actualit\u00e9s.<\/p>\n\n\n\n<p class=\"has-text-align-center\">Toute l&rsquo;\u00e9quipe du Cri de l\u2019\u0153uf.<\/p>\n","protected":false},"excerpt":{"rendered":"<p>Merci pour votre inscription \u00e0 notre lettre d&rsquo;informations et votre int\u00e9r\u00eat pour nos actions. N&rsquo;h\u00e9sitez pas \u00e0 revenir r\u00e9guli\u00e8rement sur le site pour les actualit\u00e9s. [&hellip;]<\/p>\n","protected":false},"author":1,"featured_media":1115,"parent":0,"menu_order":0,"comment_status":"closed","ping_status":"closed","template":"","meta":{"_themeisle_gutenberg_block_has_review":false,"footnotes":""},"class_list":["post-1158","page","type-page","status-publish","has-post-thumbnail","hentry"],"_links":{"self":[{"href":"https:\/\/www.lecrideloeuf.net\/index.php\/wp-json\/wp\/v2\/pages\/1158","targetHints":{"allow":["GET"]}}],"collection":[{"href":"https:\/\/www.lecrideloeuf.net\/index.php\/wp-json\/wp\/v2\/pages"}],"about":[{"href":"https:\/\/www.lecrideloeuf.net\/index.php\/wp-json\/wp\/v2\/types\/page"}],"author":[{"embeddable":true,"href":"https:\/\/www.lecrideloeuf.net\/index.php\/wp-json\/wp\/v2\/users\/1"}],"replies":[{"embeddable":true,"href":"https:\/\/www.lecrideloeuf.net\/index.php\/wp-json\/wp\/v2\/comments?post=1158"}],"version-history":[{"count":3,"href":"https:\/\/www.lecrideloeuf.net\/index.php\/wp-json\/wp\/v2\/pages\/1158\/revisions"}],"predecessor-version":[{"id":1161,"href":"https:\/\/www.lecrideloeuf.net\/index.php\/wp-json\/wp\/v2\/pages\/1158\/revisions\/1161"}],"wp:featuredmedia":[{"embeddable":true,"href":"https:\/\/www.lecrideloeuf.net\/index.php\/wp-json\/wp\/v2\/media\/1115"}],"wp:attachment":[{"href":"https:\/\/www.lecrideloeuf.net\/index.php\/wp-json\/wp\/v2\/media?parent=1158"}],"curies":[{"name":"wp","href":"https:\/\/api.w.org\/{rel}","templated":true}]}}