{"id":609,"date":"2022-05-27T09:17:37","date_gmt":"2022-05-27T07:17:37","guid":{"rendered":"https:\/\/www.lecrideloeuf.net\/?page_id=609"},"modified":"2024-10-11T09:20:25","modified_gmt":"2024-10-11T07:20:25","slug":"les-actions-nature-et-classe-verte","status":"publish","type":"page","link":"https:\/\/www.lecrideloeuf.net\/index.php\/les-petites-actions\/les-actions-nature-et-classe-verte\/","title":{"rendered":"\u00c9cole en for\u00eat ou classe verte locale"},"content":{"rendered":"\n<div class=\"wp-block-columns is-layout-flex wp-container-core-columns-is-layout-9d6595d7 wp-block-columns-is-layout-flex\">\n<div class=\"wp-block-column is-layout-flow wp-block-column-is-layout-flow\" style=\"flex-basis:66.66%\">\n<div class=\"wp-block-columns is-layout-flex wp-container-core-columns-is-layout-9d6595d7 wp-block-columns-is-layout-flex\">\n<div class=\"wp-block-column is-layout-flow wp-block-column-is-layout-flow\">\n<p class=\"has-text-align-center has-text-color\" style=\"color:#86ed00;font-size:22px\"><strong>D\u00e9couverte du territoire<\/strong><\/p>\n<\/div>\n\n\n\n<div class=\"wp-block-column is-layout-flow wp-block-column-is-layout-flow\">\n<p class=\"has-text-align-center has-text-color\" style=\"color:#86ed00;font-size:22px\"><strong>Classe verte locale<\/strong><\/p>\n<\/div>\n<\/div>\n\n\n\n<h2 class=\"wp-block-heading\">Organiser et vivre des actions nature avec le Cri de l\u2019\u0153uf !<\/h2>\n\n\n\n<p>Vous avez envie de monter un projet d\u2019\u00e9ducation \u00e0 la nature et \u00e0 l\u2019environnement avec votre classe et peut-\u00eatre m\u00eame vous lancer dans une demi-journ\u00e9e par semaine en for\u00eat.<\/p>\n\n\n\n<p>Le Cri de l\u2019\u0153uf, association d\u2019\u00e9ducation populaire, vous accompagne dans son \u00e9laboration et intervient pour faire vivre une classe verte de proximit\u00e9 afin de promouvoir \u00ab&nbsp;la joie du dehors&nbsp;\u00bb&nbsp;!<\/p>\n\n\n\n<div class=\"wp-block-columns is-layout-flex wp-container-core-columns-is-layout-9d6595d7 wp-block-columns-is-layout-flex\">\n<div class=\"wp-block-column is-layout-flow wp-block-column-is-layout-flow\">\n<p class=\"has-text-align-center has-text-color\" style=\"color:#86ed00;font-size:22px\"><strong>D\u00e9marche d&rsquo;enqu\u00eate<\/strong><\/p>\n<\/div>\n\n\n\n<div class=\"wp-block-column is-layout-flow wp-block-column-is-layout-flow\">\n<p class=\"has-text-align-center has-text-color\" style=\"color:#86ed00;font-size:22px\"><strong>Nuit\u00e9e sous tente possible<\/strong><\/p>\n<\/div>\n<\/div>\n\n\n\n<p>En compl\u00e9ment des programmes scolaires, l\u2019association le Cri de l\u2019\u0153uf vous propose de faire vivre aux enfants des moments au contact de la nature, source de nombreux savoirs mais encore plus de savoir-faire et de savoir-\u00eatre.<\/p>\n\n\n\n<p>Port\u00e9e par des animateur\u00b7rices professionnel\u00b7les qualifi\u00e9\u00b7es en sciences de la nature et en p\u00e9dagogie, le Cri de l\u2019\u0153uf propose des m\u00e9thodes mettant l\u2019accent sur une d\u00e9marche d\u2019enqu\u00eate par une exploration de l\u2019environnement o\u00f9 l\u2019enfant est auteur ou autrice de sa d\u00e9couverte.<\/p>\n<\/div>\n\n\n\n<div class=\"wp-block-column is-layout-flow wp-block-column-is-layout-flow\" style=\"flex-basis:33.33%\">\n<figure class=\"wp-block-gallery has-nested-images columns-1 is-cropped wp-block-gallery-1 is-layout-flex wp-block-gallery-is-layout-flex\">\n<figure class=\"wp-block-image size-large\"><img loading=\"lazy\" decoding=\"async\" width=\"1000\" height=\"667\" data-id=\"797\" src=\"https:\/\/www.lecrideloeuf.net\/wp-content\/uploads\/2022\/06\/20140506puylavache01.jpg\" alt=\"\" class=\"wp-image-797\" srcset=\"https:\/\/www.lecrideloeuf.net\/wp-content\/uploads\/2022\/06\/20140506puylavache01.jpg 1000w, https:\/\/www.lecrideloeuf.net\/wp-content\/uploads\/2022\/06\/20140506puylavache01-300x200.jpg 300w, https:\/\/www.lecrideloeuf.net\/wp-content\/uploads\/2022\/06\/20140506puylavache01-768x512.jpg 768w\" sizes=\"auto, (max-width: 1000px) 100vw, 1000px\" \/><\/figure>\n\n\n\n<figure class=\"wp-block-image size-large\"><img loading=\"lazy\" decoding=\"async\" width=\"1024\" height=\"682\" data-id=\"798\" src=\"https:\/\/www.lecrideloeuf.net\/wp-content\/uploads\/2022\/06\/20180727aveclescousins06-1024x682.jpg\" alt=\"\" class=\"wp-image-798\" srcset=\"https:\/\/www.lecrideloeuf.net\/wp-content\/uploads\/2022\/06\/20180727aveclescousins06-1024x682.jpg 1024w, https:\/\/www.lecrideloeuf.net\/wp-content\/uploads\/2022\/06\/20180727aveclescousins06-300x200.jpg 300w, https:\/\/www.lecrideloeuf.net\/wp-content\/uploads\/2022\/06\/20180727aveclescousins06-768x512.jpg 768w, https:\/\/www.lecrideloeuf.net\/wp-content\/uploads\/2022\/06\/20180727aveclescousins06-1536x1023.jpg 1536w, https:\/\/www.lecrideloeuf.net\/wp-content\/uploads\/2022\/06\/20180727aveclescousins06.jpg 1980w\" sizes=\"auto, (max-width: 1024px) 100vw, 1024px\" \/><\/figure>\n\n\n\n<figure class=\"wp-block-image size-large\"><img loading=\"lazy\" decoding=\"async\" width=\"1024\" height=\"682\" data-id=\"799\" src=\"https:\/\/www.lecrideloeuf.net\/wp-content\/uploads\/2022\/06\/libellule-deprimee01-1024x682.jpg\" alt=\"\" class=\"wp-image-799\" srcset=\"https:\/\/www.lecrideloeuf.net\/wp-content\/uploads\/2022\/06\/libellule-deprimee01-1024x682.jpg 1024w, https:\/\/www.lecrideloeuf.net\/wp-content\/uploads\/2022\/06\/libellule-deprimee01-300x200.jpg 300w, https:\/\/www.lecrideloeuf.net\/wp-content\/uploads\/2022\/06\/libellule-deprimee01-768x511.jpg 768w, https:\/\/www.lecrideloeuf.net\/wp-content\/uploads\/2022\/06\/libellule-deprimee01-1536x1022.jpg 1536w, https:\/\/www.lecrideloeuf.net\/wp-content\/uploads\/2022\/06\/libellule-deprimee01-2048x1363.jpg 2048w\" sizes=\"auto, (max-width: 1024px) 100vw, 1024px\" \/><\/figure>\n<\/figure>\n<\/div>\n<\/div>\n\n\n\n<h3 class=\"wp-block-heading\">Galerie photo de la classe en for\u00eat<\/h3>\n\n\n\n<figure class=\"wp-block-gallery has-nested-images columns-2 is-cropped wp-block-gallery-2 is-layout-flex wp-block-gallery-is-layout-flex\">\n<figure class=\"wp-block-image size-large\"><img loading=\"lazy\" decoding=\"async\" width=\"2560\" height=\"1707\" data-id=\"2473\" src=\"https:\/\/www.lecrideloeuf.net\/wp-content\/uploads\/2024\/07\/TACD_vueensemble_Crideloeuf_Librededroit-scaled.jpg\" alt=\"\" class=\"wp-image-2473\" srcset=\"https:\/\/www.lecrideloeuf.net\/wp-content\/uploads\/2024\/07\/TACD_vueensemble_Crideloeuf_Librededroit-scaled.jpg 2560w, https:\/\/www.lecrideloeuf.net\/wp-content\/uploads\/2024\/07\/TACD_vueensemble_Crideloeuf_Librededroit-300x200.jpg 300w\" sizes=\"auto, (max-width: 2560px) 100vw, 2560px\" \/><\/figure>\n\n\n\n<figure class=\"wp-block-image size-large\"><img loading=\"lazy\" decoding=\"async\" width=\"2560\" height=\"1707\" data-id=\"2474\" src=\"https:\/\/www.lecrideloeuf.net\/wp-content\/uploads\/2024\/07\/TACD_souslabache_Crideloeuf_Librededroit-scaled.jpg\" alt=\"\" class=\"wp-image-2474\" srcset=\"https:\/\/www.lecrideloeuf.net\/wp-content\/uploads\/2024\/07\/TACD_souslabache_Crideloeuf_Librededroit-scaled.jpg 2560w, https:\/\/www.lecrideloeuf.net\/wp-content\/uploads\/2024\/07\/TACD_souslabache_Crideloeuf_Librededroit-300x200.jpg 300w\" sizes=\"auto, (max-width: 2560px) 100vw, 2560px\" \/><\/figure>\n\n\n\n<figure class=\"wp-block-image size-large\"><img loading=\"lazy\" decoding=\"async\" width=\"1024\" height=\"643\" data-id=\"2471\" src=\"https:\/\/www.lecrideloeuf.net\/wp-content\/uploads\/2024\/07\/TACD_regroupement_Crideloeuf_Librededroit-1024x643.jpg\" alt=\"\" class=\"wp-image-2471\" srcset=\"https:\/\/www.lecrideloeuf.net\/wp-content\/uploads\/2024\/07\/TACD_regroupement_Crideloeuf_Librededroit-1024x643.jpg 1024w, https:\/\/www.lecrideloeuf.net\/wp-content\/uploads\/2024\/07\/TACD_regroupement_Crideloeuf_Librededroit-300x188.jpg 300w, https:\/\/www.lecrideloeuf.net\/wp-content\/uploads\/2024\/07\/TACD_regroupement_Crideloeuf_Librededroit-768x482.jpg 768w, https:\/\/www.lecrideloeuf.net\/wp-content\/uploads\/2024\/07\/TACD_regroupement_Crideloeuf_Librededroit.jpg 1419w\" sizes=\"auto, (max-width: 1024px) 100vw, 1024px\" \/><\/figure>\n\n\n\n<figure class=\"wp-block-image size-large\"><img loading=\"lazy\" decoding=\"async\" width=\"1024\" height=\"683\" data-id=\"2478\" src=\"https:\/\/www.lecrideloeuf.net\/wp-content\/uploads\/2024\/07\/DSC08791-1024x683.jpg\" alt=\"\" class=\"wp-image-2478\" srcset=\"https:\/\/www.lecrideloeuf.net\/wp-content\/uploads\/2024\/07\/DSC08791-1024x683.jpg 1024w, https:\/\/www.lecrideloeuf.net\/wp-content\/uploads\/2024\/07\/DSC08791-300x200.jpg 300w, https:\/\/www.lecrideloeuf.net\/wp-content\/uploads\/2024\/07\/DSC08791-768x512.jpg 768w, https:\/\/www.lecrideloeuf.net\/wp-content\/uploads\/2024\/07\/DSC08791-1536x1024.jpg 1536w, https:\/\/www.lecrideloeuf.net\/wp-content\/uploads\/2024\/07\/DSC08791-2048x1365.jpg 2048w\" sizes=\"auto, (max-width: 1024px) 100vw, 1024px\" \/><\/figure>\n\n\n\n<figure class=\"wp-block-image size-large\"><img loading=\"lazy\" decoding=\"async\" width=\"1024\" height=\"917\" data-id=\"2470\" src=\"https:\/\/www.lecrideloeuf.net\/wp-content\/uploads\/2024\/07\/TACD_observation_Crideloeuf_Librededroit-1024x917.jpg\" alt=\"\" class=\"wp-image-2470\" srcset=\"https:\/\/www.lecrideloeuf.net\/wp-content\/uploads\/2024\/07\/TACD_observation_Crideloeuf_Librededroit-1024x917.jpg 1024w, https:\/\/www.lecrideloeuf.net\/wp-content\/uploads\/2024\/07\/TACD_observation_Crideloeuf_Librededroit-300x269.jpg 300w, https:\/\/www.lecrideloeuf.net\/wp-content\/uploads\/2024\/07\/TACD_observation_Crideloeuf_Librededroit-768x688.jpg 768w, https:\/\/www.lecrideloeuf.net\/wp-content\/uploads\/2024\/07\/TACD_observation_Crideloeuf_Librededroit.jpg 1063w\" sizes=\"auto, (max-width: 1024px) 100vw, 1024px\" \/><\/figure>\n\n\n\n<figure class=\"wp-block-image size-large\"><img decoding=\"async\" data-id=\"2472\" src=\"https:\/\/www.lecrideloeuf.net\/wp-content\/uploads\/2024\/07\/TACD_cornouiller_Crideloeuf_Librededroit.jpg\" alt=\"\" class=\"wp-image-2472\"\/><\/figure>\n\n\n\n<figure class=\"wp-block-image size-large\"><img decoding=\"async\" data-id=\"2469\" src=\"https:\/\/www.lecrideloeuf.net\/wp-content\/uploads\/2024\/07\/TACD_loupe_Crideloeuf_Librededroit.jpg\" alt=\"\" class=\"wp-image-2469\"\/><\/figure>\n\n\n\n<figure class=\"wp-block-image size-large\"><img loading=\"lazy\" decoding=\"async\" width=\"1024\" height=\"683\" data-id=\"2475\" src=\"https:\/\/www.lecrideloeuf.net\/wp-content\/uploads\/2024\/07\/TACD_classeenforet_Crideloeuf_Librededroit-1024x683.jpg\" alt=\"\" class=\"wp-image-2475\" srcset=\"https:\/\/www.lecrideloeuf.net\/wp-content\/uploads\/2024\/07\/TACD_classeenforet_Crideloeuf_Librededroit-1024x683.jpg 1024w, https:\/\/www.lecrideloeuf.net\/wp-content\/uploads\/2024\/07\/TACD_classeenforet_Crideloeuf_Librededroit-300x200.jpg 300w, https:\/\/www.lecrideloeuf.net\/wp-content\/uploads\/2024\/07\/TACD_classeenforet_Crideloeuf_Librededroit-768x512.jpg 768w, https:\/\/www.lecrideloeuf.net\/wp-content\/uploads\/2024\/07\/TACD_classeenforet_Crideloeuf_Librededroit-1536x1024.jpg 1536w, https:\/\/www.lecrideloeuf.net\/wp-content\/uploads\/2024\/07\/TACD_classeenforet_Crideloeuf_Librededroit-2048x1365.jpg 2048w\" sizes=\"auto, (max-width: 1024px) 100vw, 1024px\" \/><\/figure>\n\n\n\n<figure class=\"wp-block-image size-large\"><img loading=\"lazy\" decoding=\"async\" width=\"1024\" height=\"683\" data-id=\"2479\" src=\"https:\/\/www.lecrideloeuf.net\/wp-content\/uploads\/2024\/07\/DSC08814-1024x683.jpg\" alt=\"\" class=\"wp-image-2479\" srcset=\"https:\/\/www.lecrideloeuf.net\/wp-content\/uploads\/2024\/07\/DSC08814-1024x683.jpg 1024w, https:\/\/www.lecrideloeuf.net\/wp-content\/uploads\/2024\/07\/DSC08814-300x200.jpg 300w, https:\/\/www.lecrideloeuf.net\/wp-content\/uploads\/2024\/07\/DSC08814-768x512.jpg 768w, https:\/\/www.lecrideloeuf.net\/wp-content\/uploads\/2024\/07\/DSC08814-1536x1024.jpg 1536w, https:\/\/www.lecrideloeuf.net\/wp-content\/uploads\/2024\/07\/DSC08814-2048x1365.jpg 2048w\" sizes=\"auto, (max-width: 1024px) 100vw, 1024px\" \/><\/figure>\n\n\n\n<figure class=\"wp-block-image size-large\"><img loading=\"lazy\" decoding=\"async\" width=\"1024\" height=\"747\" data-id=\"2480\" src=\"https:\/\/www.lecrideloeuf.net\/wp-content\/uploads\/2024\/07\/symbiosetaetef02_crideloeuf-1033926afcea4b4ea763eb7fb67592ba-1024x747.png\" alt=\"\" class=\"wp-image-2480\" srcset=\"https:\/\/www.lecrideloeuf.net\/wp-content\/uploads\/2024\/07\/symbiosetaetef02_crideloeuf-1033926afcea4b4ea763eb7fb67592ba-1024x747.png 1024w, https:\/\/www.lecrideloeuf.net\/wp-content\/uploads\/2024\/07\/symbiosetaetef02_crideloeuf-1033926afcea4b4ea763eb7fb67592ba-300x219.png 300w, https:\/\/www.lecrideloeuf.net\/wp-content\/uploads\/2024\/07\/symbiosetaetef02_crideloeuf-1033926afcea4b4ea763eb7fb67592ba-768x560.png 768w, https:\/\/www.lecrideloeuf.net\/wp-content\/uploads\/2024\/07\/symbiosetaetef02_crideloeuf-1033926afcea4b4ea763eb7fb67592ba-1536x1120.png 1536w, https:\/\/www.lecrideloeuf.net\/wp-content\/uploads\/2024\/07\/symbiosetaetef02_crideloeuf-1033926afcea4b4ea763eb7fb67592ba-2048x1493.png 2048w\" sizes=\"auto, (max-width: 1024px) 100vw, 1024px\" \/><\/figure>\n<\/figure>\n\n\n\n<h3 class=\"wp-block-heading\">Au contact de la nature, l&rsquo;enfant d\u00e9veloppe&#8230;<\/h3>\n\n\n\n<div class=\"wp-block-columns is-layout-flex wp-container-core-columns-is-layout-9d6595d7 wp-block-columns-is-layout-flex\">\n<div class=\"wp-block-column is-layout-flow wp-block-column-is-layout-flow\">\n<p class=\"has-text-align-center has-text-color\" style=\"color:#86de00;font-size:22px\"><strong>Des savoirs<\/strong><\/p>\n\n\n\n<p class=\"has-text-align-center\">Comprendre la complexit\u00e9, les interrelations, les cycles de la vie, conna\u00eetre les animaux, les v\u00e9g\u00e9taux et leurs propri\u00e9t\u00e9s, l\u2019histoire des paysages, de la relation de l\u2019homme \u00e0 la nature\u2026<\/p>\n<\/div>\n\n\n\n<div class=\"wp-block-column is-layout-flow wp-block-column-is-layout-flow\">\n<p class=\"has-text-align-center has-text-color\" style=\"color:#86ed00;font-size:22px\"><strong>Des savoir-faire<\/strong><\/p>\n\n\n\n<p class=\"has-text-align-center\">Observer, identifier, cr\u00e9er, se d\u00e9brouiller, bricoler, mettre en \u0153uvre une d\u00e9marche d\u2019investigation<\/p>\n<\/div>\n\n\n\n<div class=\"wp-block-column is-layout-flow wp-block-column-is-layout-flow\">\n<p class=\"has-text-align-center has-text-color\" style=\"color:#86ed00;font-size:22px\"><strong>Des savoir-\u00eatre<\/strong><\/p>\n\n\n\n<p class=\"has-text-align-center\">\u00catre curieux, ouvert, autonome, s\u2019\u00e9merveiller, d\u00e9passer ses peurs, vivre ensemble, \u00eatre solidaire, g\u00e9rer les risques.<\/p>\n<\/div>\n<\/div>\n\n\n\n<h3 class=\"wp-block-heading\">Notre approche<\/h3>\n\n\n\n<p class=\"has-background\" style=\"background-color:#daff8f\">L\u2019action se construira \u00e0 partir d\u2019une d\u00e9couverte libre du lieu. Les observations, remarques et questionnements que les enfants feront permettront de d\u00e9gager des pistes d\u2019enqu\u00eate qui seront le c\u0153ur de l\u2019action.<br><br>Les animateur\u00b7rices accompagneront les enfants pour qu\u2019ils et elles soient les auteurs et autrices de leurs apprentissages au contact de la nature..<\/p>\n\n\n\n<h3 class=\"wp-block-heading\">Les diff\u00e9rentes formules<\/h3>\n\n\n\n<div class=\"wp-block-columns is-layout-flex wp-container-core-columns-is-layout-9d6595d7 wp-block-columns-is-layout-flex\">\n<div class=\"wp-block-column is-layout-flow wp-block-column-is-layout-flow\" style=\"flex-basis:33.33%\">\n<p class=\"has-text-align-center\"><strong>L&rsquo;action se d\u00e9roulera dans votre \u00e9tablissement scolaire ou \u00e0 proximit\u00e9.<\/strong><\/p>\n<\/div>\n\n\n\n<div class=\"wp-block-column is-layout-flow wp-block-column-is-layout-flow\" style=\"flex-basis:66.66%\">\n<p class=\"has-text-align-center\"><strong>L\u2019action se d\u00e9roulera<br>en dehors de l\u2019\u00e9tablissement<\/strong><\/p>\n<\/div>\n<\/div>\n\n\n\n<div class=\"wp-block-columns is-layout-flex wp-container-core-columns-is-layout-9d6595d7 wp-block-columns-is-layout-flex\">\n<div class=\"wp-block-column is-layout-flow wp-block-column-is-layout-flow\">\n<p class=\"has-text-align-center has-text-color\" style=\"color:#86ed00;font-size:22px\"><strong>Modulable dans le temps<\/strong><\/p>\n\n\n\n<p class=\"has-text-align-center\">Un\u00b7e animateur\u00b7rice intervient<br>dans votre \u00e9tablissement<br>dans le cadre d\u2019actions adapt\u00e9es<br>\u00e0 votre \u00e9cosyst\u00e8me local.<\/p>\n\n\n\n<p class=\"has-text-align-center\">Jardins potagers, am\u00e9nagement \u00e9cologique de la cour d\u2019\u00e9cole<\/p>\n<\/div>\n\n\n\n<div class=\"wp-block-column is-layout-flow wp-block-column-is-layout-flow\">\n<p class=\"has-text-align-center has-text-color\" style=\"color:#86ed00;font-size:22px\"><strong>Sur une semaine<\/strong><\/p>\n\n\n\n<p class=\"has-text-align-center has-black-color has-text-color has-regular-font-size\"><strong>Classe verte de proximit\u00e9<\/strong><br><em>(avec ou sans h\u00e9bergement)<\/em><\/p>\n\n\n\n<p class=\"has-text-align-center\">Votre classe passe une semaine de d\u00e9couverte de la nature dans diff\u00e9rents lieux du bassin ann\u00e9cien&nbsp;:<br>Amap Petit Chaperon vert, Fermaculture, en for\u00eat\u2026<\/p>\n\n\n\n<p class=\"has-text-align-center\"><em>Nuit\u00e9e possible<br>sous tente<\/em><\/p>\n<\/div>\n\n\n\n<div class=\"wp-block-column is-layout-flow wp-block-column-is-layout-flow\">\n<p class=\"has-text-align-center has-text-color\" style=\"color:#86ed00;font-size:22px\"><strong>Sur plusieurs s\u00e9ances<\/strong><\/p>\n\n\n\n<p class=\"has-text-align-center has-black-color has-text-color\"><strong>Classe verte en pointill\u00e9s<\/strong><br>Permettant des actions sur du long terme comme la d\u00e9couverte d\u2019un milieu naturel au fil des saisons .<\/p>\n\n\n\n<p class=\"has-text-align-center\">Permet d\u2019ancrer les sorties sur le terrain tout au long de<br>l\u2019ann\u00e9e scolaire.<\/p>\n<\/div>\n<\/div>\n\n\n\n<h3 class=\"wp-block-heading\">Financements, devis, informations&#8230;<\/h3>\n\n\n\n<p class=\"has-background\" style=\"background-color:#ccff80\">Nous restons \u00e0 votre disposition pour plus de renseignements sur ces propositions afin d\u2019accompagner votre classe dans cette aventure.<br><br>Contact : Victor &#8211; 06 86 82 46 20 ou Sandrine &#8211; 06 36 66 40 12<\/p>\n\n\n\n<div class=\"wp-block-file\"><a id=\"wp-block-file--media-57d3690f-d771-445b-818b-c5c3f750703b\" href=\"https:\/\/www.lecrideloeuf.net\/wp-content\/uploads\/2022\/06\/actions-nature-et-classe-verte.pdf\" target=\"_blank\" rel=\"noreferrer noopener\">T\u00e9l\u00e9charger le pdf de cette action<\/a><a href=\"https:\/\/www.lecrideloeuf.net\/wp-content\/uploads\/2022\/06\/actions-nature-et-classe-verte.pdf\" class=\"wp-block-file__button wp-element-button\" download aria-describedby=\"wp-block-file--media-57d3690f-d771-445b-818b-c5c3f750703b\">T\u00e9l\u00e9charger<\/a><\/div>\n\n\n\n<h3 class=\"wp-block-heading\">Nos partenaires dans le cadre de l&rsquo;appel \u00e0 communs \u00ab\u00a0Grandir en lien avec la nature\u00a0\u00bb :<\/h3>\n\n\n\n<figure class=\"wp-block-image size-large\"><img loading=\"lazy\" decoding=\"async\" width=\"1024\" height=\"379\" src=\"https:\/\/www.lecrideloeuf.net\/wp-content\/uploads\/2024\/07\/AAC_logos_2024_MAJ-juillet-1024x379.png\" alt=\"\" class=\"wp-image-2483\" srcset=\"https:\/\/www.lecrideloeuf.net\/wp-content\/uploads\/2024\/07\/AAC_logos_2024_MAJ-juillet-1024x379.png 1024w, https:\/\/www.lecrideloeuf.net\/wp-content\/uploads\/2024\/07\/AAC_logos_2024_MAJ-juillet-300x111.png 300w, https:\/\/www.lecrideloeuf.net\/wp-content\/uploads\/2024\/07\/AAC_logos_2024_MAJ-juillet-768x284.png 768w, https:\/\/www.lecrideloeuf.net\/wp-content\/uploads\/2024\/07\/AAC_logos_2024_MAJ-juillet.png 1080w\" sizes=\"auto, (max-width: 1024px) 100vw, 1024px\" \/><\/figure>\n\n\n\n<h2 class=\"wp-block-heading\">Entre les arbres<\/h2>\n\n\n\n<p>Durant l&rsquo;ann\u00e9e scolaire 2023-2024, nous avons accompagn\u00e9\u00b7es 27 classes de 6 \u00e9coles diff\u00e9rentes pour faire \u00e9cole dehors une demi-journ\u00e9e par semaine.<\/p>\n\n\n\n<p>De ces accompagnements est n\u00e9e 4 num\u00e9ros d&rsquo;une petite feuille de route qui retracent cette ann\u00e9e en for\u00eat. Partage d&rsquo;exp\u00e9riences, de lectures et de r\u00e9flexions. <\/p>\n\n\n\n<div data-wp-interactive=\"core\/file\" class=\"wp-block-file\"><object data-wp-bind--hidden=\"!state.hasPdfPreview\" hidden class=\"wp-block-file__embed\" data=\"https:\/\/www.lecrideloeuf.net\/wp-content\/uploads\/2024\/10\/Entrelesarbres1.pdf\" type=\"application\/pdf\" style=\"width:100%;height:600px\" aria-label=\"Contenu embarqu\u00e9 Entrelesarbres#1.\"><\/object><a id=\"wp-block-file--media-10a569c2-5bb4-4919-8ab5-9e11e9fb14bd\" href=\"https:\/\/www.lecrideloeuf.net\/wp-content\/uploads\/2024\/10\/Entrelesarbres1.pdf\">Entrelesarbres#1<\/a><\/div>\n\n\n\n<div data-wp-interactive=\"core\/file\" class=\"wp-block-file\"><object data-wp-bind--hidden=\"!state.hasPdfPreview\" hidden class=\"wp-block-file__embed\" data=\"https:\/\/www.lecrideloeuf.net\/wp-content\/uploads\/2024\/10\/Entrelesarbres2.pdf\" type=\"application\/pdf\" style=\"width:100%;height:600px\" aria-label=\"Contenu embarqu\u00e9 Entrelesarbres#2.\"><\/object><a id=\"wp-block-file--media-834e02e3-1137-468d-951f-d0d93e611b58\" href=\"https:\/\/www.lecrideloeuf.net\/wp-content\/uploads\/2024\/10\/Entrelesarbres2.pdf\">Entrelesarbres#2<\/a><\/div>\n\n\n\n<div data-wp-interactive=\"core\/file\" class=\"wp-block-file\"><object data-wp-bind--hidden=\"!state.hasPdfPreview\" hidden class=\"wp-block-file__embed\" data=\"https:\/\/www.lecrideloeuf.net\/wp-content\/uploads\/2024\/10\/Entrelesarbres3.pdf\" type=\"application\/pdf\" style=\"width:100%;height:600px\" aria-label=\"Contenu embarqu\u00e9 Entrelesarbres#3.\"><\/object><a id=\"wp-block-file--media-052e3199-4555-43ec-9d7b-184aace4483f\" href=\"https:\/\/www.lecrideloeuf.net\/wp-content\/uploads\/2024\/10\/Entrelesarbres3.pdf\">Entrelesarbres#3<\/a><\/div>\n\n\n\n<div data-wp-interactive=\"core\/file\" class=\"wp-block-file\"><object data-wp-bind--hidden=\"!state.hasPdfPreview\" hidden class=\"wp-block-file__embed\" data=\"https:\/\/www.lecrideloeuf.net\/wp-content\/uploads\/2024\/10\/Entrelesarbres4.pdf\" type=\"application\/pdf\" style=\"width:100%;height:600px\" aria-label=\"Contenu embarqu\u00e9 Entrelesarbres#4.\"><\/object><a id=\"wp-block-file--media-829618e1-97c4-4a87-adf0-08b91ef0d2ea\" href=\"https:\/\/www.lecrideloeuf.net\/wp-content\/uploads\/2024\/10\/Entrelesarbres4.pdf\">Entrelesarbres#4<\/a><\/div>\n","protected":false},"excerpt":{"rendered":"<p>D\u00e9couverte du territoire Classe verte locale Organiser et vivre des actions nature avec le Cri de l\u2019\u0153uf ! Vous avez envie de monter un projet [&hellip;]<\/p>\n","protected":false},"author":1,"featured_media":1811,"parent":605,"menu_order":-6,"comment_status":"closed","ping_status":"closed","template":"","meta":{"_themeisle_gutenberg_block_has_review":false,"footnotes":""},"class_list":["post-609","page","type-page","status-publish","has-post-thumbnail","hentry"],"_links":{"self":[{"href":"https:\/\/www.lecrideloeuf.net\/index.php\/wp-json\/wp\/v2\/pages\/609","targetHints":{"allow":["GET"]}}],"collection":[{"href":"https:\/\/www.lecrideloeuf.net\/index.php\/wp-json\/wp\/v2\/pages"}],"about":[{"href":"https:\/\/www.lecrideloeuf.net\/index.php\/wp-json\/wp\/v2\/types\/page"}],"author":[{"embeddable":true,"href":"https:\/\/www.lecrideloeuf.net\/index.php\/wp-json\/wp\/v2\/users\/1"}],"replies":[{"embeddable":true,"href":"https:\/\/www.lecrideloeuf.net\/index.php\/wp-json\/wp\/v2\/comments?post=609"}],"version-history":[{"count":25,"href":"https:\/\/www.lecrideloeuf.net\/index.php\/wp-json\/wp\/v2\/pages\/609\/revisions"}],"predecessor-version":[{"id":2872,"href":"https:\/\/www.lecrideloeuf.net\/index.php\/wp-json\/wp\/v2\/pages\/609\/revisions\/2872"}],"up":[{"embeddable":true,"href":"https:\/\/www.lecrideloeuf.net\/index.php\/wp-json\/wp\/v2\/pages\/605"}],"wp:featuredmedia":[{"embeddable":true,"href":"https:\/\/www.lecrideloeuf.net\/index.php\/wp-json\/wp\/v2\/media\/1811"}],"wp:attachment":[{"href":"https:\/\/www.lecrideloeuf.net\/index.php\/wp-json\/wp\/v2\/media?parent=609"}],"curies":[{"name":"wp","href":"https:\/\/api.w.org\/{rel}","templated":true}]}}