{"id":611,"date":"2022-05-27T09:18:29","date_gmt":"2022-05-27T07:18:29","guid":{"rendered":"https:\/\/www.lecrideloeuf.net\/?page_id=611"},"modified":"2025-07-08T07:12:05","modified_gmt":"2025-07-08T05:12:05","slug":"atelier-cuisine-de-rue","status":"publish","type":"page","link":"https:\/\/www.lecrideloeuf.net\/index.php\/les-petites-actions\/atelier-cuisine-de-rue\/","title":{"rendered":"Atelier Cuisine de rue"},"content":{"rendered":"\n<div class=\"wp-block-columns is-layout-flex wp-container-core-columns-is-layout-9d6595d7 wp-block-columns-is-layout-flex\">\n<div class=\"wp-block-column is-layout-flow wp-block-column-is-layout-flow\" style=\"flex-basis:66.66%\">\n<div class=\"wp-block-columns is-layout-flex wp-container-core-columns-is-layout-9d6595d7 wp-block-columns-is-layout-flex\">\n<div class=\"wp-block-column is-layout-flow wp-block-column-is-layout-flow\">\n<p class=\"has-text-align-center has-purple-color has-text-color\" style=\"font-size:22px\"><strong>Cuisiner ensemble<\/strong><\/p>\n<\/div>\n\n\n\n<div class=\"wp-block-column is-layout-flow wp-block-column-is-layout-flow\">\n<p class=\"has-text-align-center has-purple-color has-text-color\" style=\"font-size:22px\"><strong>Penser ensemble \u00e0 notre alimentation de demain<\/strong><\/p>\n<\/div>\n<\/div>\n\n\n\n<h2 class=\"wp-block-heading\">Ateliers de cuisine itin\u00e9rante<br>au c\u0153ur des quartiers avec le Cri de l\u2019\u0153uf&nbsp;!<\/h2>\n\n\n\n<div class=\"wp-block-columns is-layout-flex wp-container-core-columns-is-layout-9d6595d7 wp-block-columns-is-layout-flex\">\n<div class=\"wp-block-column is-layout-flow wp-block-column-is-layout-flow\">\n<p>Participer \u00e0 <strong>l\u2019accessibilit\u00e9 <\/strong>\u00e0 une nourriture saine et locale pour tous, qui permet de valoriser le travail agricole de territoire et faire se rencontrer le monde agricole et citadin.<\/p>\n\n\n\n<p>D\u00e9velopper la <strong>solidarit\u00e9 de proximit\u00e9<\/strong> tout en transformant des invendus pour capitaliser le syst\u00e8me d\u00e9brouille et agir sur le gaspillage alimentaire.<\/p>\n<\/div>\n\n\n\n<div class=\"wp-block-column is-layout-flow wp-block-column-is-layout-flow\">\n<p>Assurer une <strong>pr\u00e9sence r\u00e9guli\u00e8re <\/strong>dans les quartiers et permettre aux individus d\u2019\u00eatre acteur et redevenir citoyens de la cit\u00e9.<\/p>\n\n\n\n<p>Ouvrir le<strong> dialogue<\/strong> autour de l\u2019impact de l\u2019alimentation sur notre environnement, proche et plus \u00e9loign\u00e9.<\/p>\n<\/div>\n<\/div>\n\n\n\n<p class=\"has-background\" style=\"background-color:#f0d6ff\">Une \u00e9quipe de travailleurs sociaux, form\u00e9s, engag\u00e9s, int\u00e9ress\u00e9s par des solutions durables qui se vivent dans la rue avec le public. Par le biais d\u2019un travail de proximit\u00e9, une pr\u00e9sence r\u00e9guli\u00e8re et des outils d\u2019intelligence collective, notre souhait est de proposer des moments de vivre ensemble qui cr\u00e9ent la rencontre et la discussion avec l\u2019ambition de permettre \u00e0 chacun d\u2019exp\u00e9rimenter une citoyennet\u00e9 et ainsi faire soci\u00e9t\u00e9 ensemble.<\/p>\n<\/div>\n\n\n\n<div class=\"wp-block-column is-layout-flow wp-block-column-is-layout-flow\" style=\"flex-basis:33.33%\">\n<figure class=\"wp-block-gallery has-nested-images columns-1 is-cropped wp-block-gallery-1 is-layout-flex wp-block-gallery-is-layout-flex\">\n<figure class=\"wp-block-image size-large\"><img loading=\"lazy\" decoding=\"async\" width=\"2000\" height=\"1333\" data-id=\"1142\" src=\"https:\/\/www.lecrideloeuf.net\/wp-content\/uploads\/2022\/09\/conservesduthiou.jpg\" alt=\"\" class=\"wp-image-1142\" srcset=\"https:\/\/www.lecrideloeuf.net\/wp-content\/uploads\/2022\/09\/conservesduthiou.jpg 2000w, https:\/\/www.lecrideloeuf.net\/wp-content\/uploads\/2022\/09\/conservesduthiou-300x200.jpg 300w, https:\/\/www.lecrideloeuf.net\/wp-content\/uploads\/2022\/09\/conservesduthiou-1024x682.jpg 1024w, https:\/\/www.lecrideloeuf.net\/wp-content\/uploads\/2022\/09\/conservesduthiou-768x512.jpg 768w, https:\/\/www.lecrideloeuf.net\/wp-content\/uploads\/2022\/09\/conservesduthiou-1536x1024.jpg 1536w\" sizes=\"auto, (max-width: 2000px) 100vw, 2000px\" \/><\/figure>\n\n\n\n<figure class=\"wp-block-image size-large\"><img loading=\"lazy\" decoding=\"async\" width=\"1024\" height=\"681\" data-id=\"2451\" src=\"https:\/\/www.lecrideloeuf.net\/wp-content\/uploads\/2024\/07\/atelierdecuisinederueCrideloeuf01-1024x681.jpg\" alt=\"\" class=\"wp-image-2451\" srcset=\"https:\/\/www.lecrideloeuf.net\/wp-content\/uploads\/2024\/07\/atelierdecuisinederueCrideloeuf01-1024x681.jpg 1024w, https:\/\/www.lecrideloeuf.net\/wp-content\/uploads\/2024\/07\/atelierdecuisinederueCrideloeuf01-300x200.jpg 300w, https:\/\/www.lecrideloeuf.net\/wp-content\/uploads\/2024\/07\/atelierdecuisinederueCrideloeuf01-768x511.jpg 768w, https:\/\/www.lecrideloeuf.net\/wp-content\/uploads\/2024\/07\/atelierdecuisinederueCrideloeuf01-1536x1021.jpg 1536w, https:\/\/www.lecrideloeuf.net\/wp-content\/uploads\/2024\/07\/atelierdecuisinederueCrideloeuf01.jpg 2000w\" sizes=\"auto, (max-width: 1024px) 100vw, 1024px\" \/><\/figure>\n\n\n\n<figure class=\"wp-block-image size-large\"><img loading=\"lazy\" decoding=\"async\" width=\"1024\" height=\"683\" data-id=\"2119\" src=\"https:\/\/www.lecrideloeuf.net\/wp-content\/uploads\/2023\/12\/DSC08236-1024x683.jpg\" alt=\"\" class=\"wp-image-2119\" srcset=\"https:\/\/www.lecrideloeuf.net\/wp-content\/uploads\/2023\/12\/DSC08236-1024x683.jpg 1024w, https:\/\/www.lecrideloeuf.net\/wp-content\/uploads\/2023\/12\/DSC08236-300x200.jpg 300w, https:\/\/www.lecrideloeuf.net\/wp-content\/uploads\/2023\/12\/DSC08236-768x512.jpg 768w, https:\/\/www.lecrideloeuf.net\/wp-content\/uploads\/2023\/12\/DSC08236-1536x1024.jpg 1536w, https:\/\/www.lecrideloeuf.net\/wp-content\/uploads\/2023\/12\/DSC08236-2048x1365.jpg 2048w\" sizes=\"auto, (max-width: 1024px) 100vw, 1024px\" \/><\/figure>\n<\/figure>\n<\/div>\n<\/div>\n\n\n\n<h3 class=\"wp-block-heading\">Observer, proposer, accompagner, adapter<\/h3>\n\n\n\n<p>Notre volont\u00e9 est d\u2019offrir \u00e0 chacun l\u2019opportunit\u00e9 d\u2019\u00eatre acteur de son alimentation (budget, impact environnemental, sant\u00e9). Sujet de vie quotidienne, vecteur de mixit\u00e9 sociale qui provoque le partage des savoirs et savoirs faire. Ces actions s\u2019inscrivent dans le cadre du Plan Alimentaire Territorial et plus particuli\u00e8rement l\u2019axe d\u2019une offre alimentaire plus accessible pour tous.<\/p>\n\n\n\n<p>Notre approche est celle de la permaculture qui commence toujours par l\u2019observation du syst\u00e8me. L\u2019int\u00e9r\u00eat de cette d\u00e9marche est d\u2019accompagner la mise en place d\u2019un syst\u00e8me r\u00e9silient permettant la mise en place de r\u00e9seaux d\u2019entraides horizontaux tels des \u00e9cosyst\u00e8mes de voisinage.<\/p>\n\n\n\n<h3 class=\"wp-block-heading\">Galerie photos de nos ateliers de cuisine<\/h3>\n\n\n\n<figure class=\"wp-block-gallery has-nested-images columns-2 is-cropped wp-block-gallery-2 is-layout-flex wp-block-gallery-is-layout-flex\">\n<figure class=\"wp-block-image size-large\"><img decoding=\"async\" data-id=\"2457\" src=\"https:\/\/www.lecrideloeuf.net\/wp-content\/uploads\/2024\/07\/atelierdecuisinederueCrideloeuf00.jpg\" alt=\"\" class=\"wp-image-2457\"\/><\/figure>\n\n\n\n<figure class=\"wp-block-image size-large\"><img loading=\"lazy\" decoding=\"async\" width=\"1024\" height=\"682\" data-id=\"2465\" src=\"https:\/\/www.lecrideloeuf.net\/wp-content\/uploads\/2024\/07\/atelierdecuisinederueCrideloeuf07-1024x682.jpg\" alt=\"\" class=\"wp-image-2465\" srcset=\"https:\/\/www.lecrideloeuf.net\/wp-content\/uploads\/2024\/07\/atelierdecuisinederueCrideloeuf07-1024x682.jpg 1024w, https:\/\/www.lecrideloeuf.net\/wp-content\/uploads\/2024\/07\/atelierdecuisinederueCrideloeuf07-300x200.jpg 300w, https:\/\/www.lecrideloeuf.net\/wp-content\/uploads\/2024\/07\/atelierdecuisinederueCrideloeuf07-768x512.jpg 768w, https:\/\/www.lecrideloeuf.net\/wp-content\/uploads\/2024\/07\/atelierdecuisinederueCrideloeuf07-1536x1024.jpg 1536w, https:\/\/www.lecrideloeuf.net\/wp-content\/uploads\/2024\/07\/atelierdecuisinederueCrideloeuf07.jpg 2000w\" sizes=\"auto, (max-width: 1024px) 100vw, 1024px\" \/><\/figure>\n\n\n\n<figure class=\"wp-block-image size-large\"><img decoding=\"async\" data-id=\"2464\" src=\"https:\/\/www.lecrideloeuf.net\/wp-content\/uploads\/2024\/07\/atelierdecuisinederueCrideloeuf11.jpg\" alt=\"\" class=\"wp-image-2464\"\/><\/figure>\n\n\n\n<figure class=\"wp-block-image size-large\"><img loading=\"lazy\" decoding=\"async\" width=\"1024\" height=\"682\" data-id=\"2459\" src=\"https:\/\/www.lecrideloeuf.net\/wp-content\/uploads\/2024\/07\/atelierdecuisinederueCrideloeuf09-1024x682.jpg\" alt=\"\" class=\"wp-image-2459\" srcset=\"https:\/\/www.lecrideloeuf.net\/wp-content\/uploads\/2024\/07\/atelierdecuisinederueCrideloeuf09-1024x682.jpg 1024w, https:\/\/www.lecrideloeuf.net\/wp-content\/uploads\/2024\/07\/atelierdecuisinederueCrideloeuf09-300x200.jpg 300w, https:\/\/www.lecrideloeuf.net\/wp-content\/uploads\/2024\/07\/atelierdecuisinederueCrideloeuf09-768x512.jpg 768w, https:\/\/www.lecrideloeuf.net\/wp-content\/uploads\/2024\/07\/atelierdecuisinederueCrideloeuf09-1536x1024.jpg 1536w, https:\/\/www.lecrideloeuf.net\/wp-content\/uploads\/2024\/07\/atelierdecuisinederueCrideloeuf09.jpg 2000w\" sizes=\"auto, (max-width: 1024px) 100vw, 1024px\" \/><\/figure>\n\n\n\n<figure class=\"wp-block-image size-large\"><img loading=\"lazy\" decoding=\"async\" width=\"1024\" height=\"682\" data-id=\"2455\" src=\"https:\/\/www.lecrideloeuf.net\/wp-content\/uploads\/2024\/07\/atelierdecuisinederueCrideloeuf06-1024x682.jpg\" alt=\"\" class=\"wp-image-2455\" srcset=\"https:\/\/www.lecrideloeuf.net\/wp-content\/uploads\/2024\/07\/atelierdecuisinederueCrideloeuf06-1024x682.jpg 1024w, https:\/\/www.lecrideloeuf.net\/wp-content\/uploads\/2024\/07\/atelierdecuisinederueCrideloeuf06-300x200.jpg 300w, https:\/\/www.lecrideloeuf.net\/wp-content\/uploads\/2024\/07\/atelierdecuisinederueCrideloeuf06-768x512.jpg 768w, https:\/\/www.lecrideloeuf.net\/wp-content\/uploads\/2024\/07\/atelierdecuisinederueCrideloeuf06-1536x1024.jpg 1536w, https:\/\/www.lecrideloeuf.net\/wp-content\/uploads\/2024\/07\/atelierdecuisinederueCrideloeuf06.jpg 2000w\" sizes=\"auto, (max-width: 1024px) 100vw, 1024px\" \/><\/figure>\n\n\n\n<figure class=\"wp-block-image size-large\"><img decoding=\"async\" data-id=\"2454\" src=\"https:\/\/www.lecrideloeuf.net\/wp-content\/uploads\/2024\/07\/atelierdecuisinederueCrideloeuf10.jpg\" alt=\"\" class=\"wp-image-2454\"\/><\/figure>\n\n\n\n<figure class=\"wp-block-image size-large\"><img loading=\"lazy\" decoding=\"async\" width=\"1024\" height=\"672\" data-id=\"2467\" src=\"https:\/\/www.lecrideloeuf.net\/wp-content\/uploads\/2024\/07\/atelierdecuisinederueCrideloeuf08-1024x672.jpg\" alt=\"\" class=\"wp-image-2467\" srcset=\"https:\/\/www.lecrideloeuf.net\/wp-content\/uploads\/2024\/07\/atelierdecuisinederueCrideloeuf08-1024x672.jpg 1024w, https:\/\/www.lecrideloeuf.net\/wp-content\/uploads\/2024\/07\/atelierdecuisinederueCrideloeuf08-300x197.jpg 300w, https:\/\/www.lecrideloeuf.net\/wp-content\/uploads\/2024\/07\/atelierdecuisinederueCrideloeuf08-768x504.jpg 768w, https:\/\/www.lecrideloeuf.net\/wp-content\/uploads\/2024\/07\/atelierdecuisinederueCrideloeuf08-1536x1008.jpg 1536w, https:\/\/www.lecrideloeuf.net\/wp-content\/uploads\/2024\/07\/atelierdecuisinederueCrideloeuf08.jpg 2000w\" sizes=\"auto, (max-width: 1024px) 100vw, 1024px\" \/><\/figure>\n\n\n\n<figure class=\"wp-block-image size-large\"><img loading=\"lazy\" decoding=\"async\" width=\"1024\" height=\"682\" data-id=\"2456\" src=\"https:\/\/www.lecrideloeuf.net\/wp-content\/uploads\/2024\/07\/atelierdecuisinederueCrideloeuf02-1024x682.jpg\" alt=\"\" class=\"wp-image-2456\" srcset=\"https:\/\/www.lecrideloeuf.net\/wp-content\/uploads\/2024\/07\/atelierdecuisinederueCrideloeuf02-1024x682.jpg 1024w, https:\/\/www.lecrideloeuf.net\/wp-content\/uploads\/2024\/07\/atelierdecuisinederueCrideloeuf02-300x200.jpg 300w, https:\/\/www.lecrideloeuf.net\/wp-content\/uploads\/2024\/07\/atelierdecuisinederueCrideloeuf02-768x512.jpg 768w, https:\/\/www.lecrideloeuf.net\/wp-content\/uploads\/2024\/07\/atelierdecuisinederueCrideloeuf02-1536x1024.jpg 1536w, https:\/\/www.lecrideloeuf.net\/wp-content\/uploads\/2024\/07\/atelierdecuisinederueCrideloeuf02.jpg 2000w\" sizes=\"auto, (max-width: 1024px) 100vw, 1024px\" \/><\/figure>\n\n\n\n<figure class=\"wp-block-image size-large\"><img loading=\"lazy\" decoding=\"async\" width=\"1024\" height=\"682\" data-id=\"2466\" src=\"https:\/\/www.lecrideloeuf.net\/wp-content\/uploads\/2024\/07\/atelierdecuisinederueCrideloeuf04-1024x682.jpg\" alt=\"\" class=\"wp-image-2466\" srcset=\"https:\/\/www.lecrideloeuf.net\/wp-content\/uploads\/2024\/07\/atelierdecuisinederueCrideloeuf04-1024x682.jpg 1024w, https:\/\/www.lecrideloeuf.net\/wp-content\/uploads\/2024\/07\/atelierdecuisinederueCrideloeuf04-300x200.jpg 300w, https:\/\/www.lecrideloeuf.net\/wp-content\/uploads\/2024\/07\/atelierdecuisinederueCrideloeuf04-768x512.jpg 768w, https:\/\/www.lecrideloeuf.net\/wp-content\/uploads\/2024\/07\/atelierdecuisinederueCrideloeuf04-1536x1024.jpg 1536w, https:\/\/www.lecrideloeuf.net\/wp-content\/uploads\/2024\/07\/atelierdecuisinederueCrideloeuf04.jpg 2000w\" sizes=\"auto, (max-width: 1024px) 100vw, 1024px\" \/><\/figure>\n\n\n\n<figure class=\"wp-block-image size-large\"><img loading=\"lazy\" decoding=\"async\" width=\"1024\" height=\"682\" data-id=\"2460\" src=\"https:\/\/www.lecrideloeuf.net\/wp-content\/uploads\/2024\/07\/atelierdecuisinederueCrideloeuf05-1024x682.jpg\" alt=\"\" class=\"wp-image-2460\" srcset=\"https:\/\/www.lecrideloeuf.net\/wp-content\/uploads\/2024\/07\/atelierdecuisinederueCrideloeuf05-1024x682.jpg 1024w, https:\/\/www.lecrideloeuf.net\/wp-content\/uploads\/2024\/07\/atelierdecuisinederueCrideloeuf05-300x200.jpg 300w, https:\/\/www.lecrideloeuf.net\/wp-content\/uploads\/2024\/07\/atelierdecuisinederueCrideloeuf05-768x512.jpg 768w, https:\/\/www.lecrideloeuf.net\/wp-content\/uploads\/2024\/07\/atelierdecuisinederueCrideloeuf05-1536x1024.jpg 1536w, https:\/\/www.lecrideloeuf.net\/wp-content\/uploads\/2024\/07\/atelierdecuisinederueCrideloeuf05.jpg 2000w\" sizes=\"auto, (max-width: 1024px) 100vw, 1024px\" \/><\/figure>\n\n\n\n<figure class=\"wp-block-image size-large\"><img decoding=\"async\" data-id=\"2458\" src=\"https:\/\/www.lecrideloeuf.net\/wp-content\/uploads\/2024\/07\/atelierdecuisinederueCrideloeuf12.jpg\" alt=\"\" class=\"wp-image-2458\"\/><\/figure>\n\n\n\n<figure class=\"wp-block-image size-large\"><img loading=\"lazy\" decoding=\"async\" width=\"1024\" height=\"683\" data-id=\"2461\" src=\"https:\/\/www.lecrideloeuf.net\/wp-content\/uploads\/2024\/07\/atelierdecuisinederueCrideloeuf13-1024x683.jpg\" alt=\"\" class=\"wp-image-2461\" srcset=\"https:\/\/www.lecrideloeuf.net\/wp-content\/uploads\/2024\/07\/atelierdecuisinederueCrideloeuf13-1024x683.jpg 1024w, https:\/\/www.lecrideloeuf.net\/wp-content\/uploads\/2024\/07\/atelierdecuisinederueCrideloeuf13-300x200.jpg 300w, https:\/\/www.lecrideloeuf.net\/wp-content\/uploads\/2024\/07\/atelierdecuisinederueCrideloeuf13-768x512.jpg 768w, https:\/\/www.lecrideloeuf.net\/wp-content\/uploads\/2024\/07\/atelierdecuisinederueCrideloeuf13-1536x1025.jpg 1536w, https:\/\/www.lecrideloeuf.net\/wp-content\/uploads\/2024\/07\/atelierdecuisinederueCrideloeuf13.jpg 2000w\" sizes=\"auto, (max-width: 1024px) 100vw, 1024px\" \/><\/figure>\n\n\n\n<figure class=\"wp-block-image size-large\"><img loading=\"lazy\" decoding=\"async\" width=\"1024\" height=\"681\" data-id=\"2451\" src=\"https:\/\/www.lecrideloeuf.net\/wp-content\/uploads\/2024\/07\/atelierdecuisinederueCrideloeuf01-1024x681.jpg\" alt=\"\" class=\"wp-image-2451\" srcset=\"https:\/\/www.lecrideloeuf.net\/wp-content\/uploads\/2024\/07\/atelierdecuisinederueCrideloeuf01-1024x681.jpg 1024w, https:\/\/www.lecrideloeuf.net\/wp-content\/uploads\/2024\/07\/atelierdecuisinederueCrideloeuf01-300x200.jpg 300w, https:\/\/www.lecrideloeuf.net\/wp-content\/uploads\/2024\/07\/atelierdecuisinederueCrideloeuf01-768x511.jpg 768w, https:\/\/www.lecrideloeuf.net\/wp-content\/uploads\/2024\/07\/atelierdecuisinederueCrideloeuf01-1536x1021.jpg 1536w, https:\/\/www.lecrideloeuf.net\/wp-content\/uploads\/2024\/07\/atelierdecuisinederueCrideloeuf01.jpg 2000w\" sizes=\"auto, (max-width: 1024px) 100vw, 1024px\" \/><\/figure>\n\n\n\n<figure class=\"wp-block-image size-large\"><img loading=\"lazy\" decoding=\"async\" width=\"1024\" height=\"682\" data-id=\"2463\" src=\"https:\/\/www.lecrideloeuf.net\/wp-content\/uploads\/2024\/07\/atelierdecuisinederueCrideloeuf03-1024x682.jpg\" alt=\"\" class=\"wp-image-2463\" srcset=\"https:\/\/www.lecrideloeuf.net\/wp-content\/uploads\/2024\/07\/atelierdecuisinederueCrideloeuf03-1024x682.jpg 1024w, https:\/\/www.lecrideloeuf.net\/wp-content\/uploads\/2024\/07\/atelierdecuisinederueCrideloeuf03-300x200.jpg 300w, https:\/\/www.lecrideloeuf.net\/wp-content\/uploads\/2024\/07\/atelierdecuisinederueCrideloeuf03-768x512.jpg 768w, https:\/\/www.lecrideloeuf.net\/wp-content\/uploads\/2024\/07\/atelierdecuisinederueCrideloeuf03-1536x1024.jpg 1536w, https:\/\/www.lecrideloeuf.net\/wp-content\/uploads\/2024\/07\/atelierdecuisinederueCrideloeuf03.jpg 2000w\" sizes=\"auto, (max-width: 1024px) 100vw, 1024px\" \/><\/figure>\n<\/figure>\n\n\n\n<p><\/p>\n\n\n\n<h3 class=\"wp-block-heading\">Notre proposition d\u2019action<\/h3>\n\n\n\n<p class=\"has-background\" style=\"background-color:#e4cdff\">\u00ab\u00a0Des fruits et l\u00e9gumes frais r\u00e9cup\u00e9r\u00e9s propos\u00e9s aux habitants pour une transformation sur place. \u00a0\u00bb<br><br>Nous arrivons dans un quartier avec du pain, des fruits et l\u00e9gumes de r\u00e9cup (Aristide, Biocoop, GA\u00cbC du Petit Chaperon Vert (Cran-Gevrier) et GA\u00cbC du Pr\u00e9s aux biches (Marcellaz Albanais)), des moyens de cuisson, des ustensiles de cuisine, et nous proposons aux habitants de transformer ensemble ces produits.<\/p>\n","protected":false},"excerpt":{"rendered":"<p>Cuisiner ensemble Penser ensemble \u00e0 notre alimentation de demain Ateliers de cuisine itin\u00e9ranteau c\u0153ur des quartiers avec le Cri de l\u2019\u0153uf&nbsp;! Participer \u00e0 l\u2019accessibilit\u00e9 \u00e0 [&hellip;]<\/p>\n","protected":false},"author":1,"featured_media":885,"parent":605,"menu_order":4,"comment_status":"closed","ping_status":"closed","template":"","meta":{"_themeisle_gutenberg_block_has_review":false,"footnotes":""},"class_list":["post-611","page","type-page","status-publish","has-post-thumbnail","hentry"],"_links":{"self":[{"href":"https:\/\/www.lecrideloeuf.net\/index.php\/wp-json\/wp\/v2\/pages\/611","targetHints":{"allow":["GET"]}}],"collection":[{"href":"https:\/\/www.lecrideloeuf.net\/index.php\/wp-json\/wp\/v2\/pages"}],"about":[{"href":"https:\/\/www.lecrideloeuf.net\/index.php\/wp-json\/wp\/v2\/types\/page"}],"author":[{"embeddable":true,"href":"https:\/\/www.lecrideloeuf.net\/index.php\/wp-json\/wp\/v2\/users\/1"}],"replies":[{"embeddable":true,"href":"https:\/\/www.lecrideloeuf.net\/index.php\/wp-json\/wp\/v2\/comments?post=611"}],"version-history":[{"count":12,"href":"https:\/\/www.lecrideloeuf.net\/index.php\/wp-json\/wp\/v2\/pages\/611\/revisions"}],"predecessor-version":[{"id":2981,"href":"https:\/\/www.lecrideloeuf.net\/index.php\/wp-json\/wp\/v2\/pages\/611\/revisions\/2981"}],"up":[{"embeddable":true,"href":"https:\/\/www.lecrideloeuf.net\/index.php\/wp-json\/wp\/v2\/pages\/605"}],"wp:featuredmedia":[{"embeddable":true,"href":"https:\/\/www.lecrideloeuf.net\/index.php\/wp-json\/wp\/v2\/media\/885"}],"wp:attachment":[{"href":"https:\/\/www.lecrideloeuf.net\/index.php\/wp-json\/wp\/v2\/media?parent=611"}],"curies":[{"name":"wp","href":"https:\/\/api.w.org\/{rel}","templated":true}]}}